{"id":138,"date":"2026-01-15T15:55:53","date_gmt":"2026-01-15T15:55:53","guid":{"rendered":"https:\/\/e-kconsulting.be\/?page_id=138"},"modified":"2026-03-03T18:20:10","modified_gmt":"2026-03-03T18:20:10","slug":"ils-mont-fait-confiance-2","status":"publish","type":"page","link":"https:\/\/e-kconsulting.be\/index.php\/ils-mont-fait-confiance-2\/","title":{"rendered":"R\u00e9f\u00e9rences"},"content":{"rendered":"\n<div class=\"wp-block-group alignfull has-custom-blue-2-background-color has-background has-global-padding is-layout-constrained wp-container-core-group-is-layout-12243e0f wp-block-group-is-layout-constrained\">\n<div style=\"height:30px\" aria-hidden=\"true\" class=\"wp-block-spacer\"><\/div>\n\n\n\n<p class=\"has-text-align-center has-base-color has-text-color has-link-color wp-elements-d28eb3ce3573c55745f336f3e154f4ce\">Depuis <strong>25 ans<\/strong>, j\u2019ai accompagn\u00e9 plus de<\/p>\n\n\n\n<div style=\"height:30px\" aria-hidden=\"true\" class=\"wp-block-spacer\"><\/div>\n\n\n\n<p class=\"has-text-align-center has-base-color has-text-color has-link-color wp-elements-9702233e5beb696dfd148c91a823f773\" style=\"font-size:clamp(21.536px, 1.346rem + ((1vw - 3.2px) * 1.403), 35px);\"><strong>60 organisations<\/strong><\/p>\n\n\n\n<div style=\"height:30px\" aria-hidden=\"true\" class=\"wp-block-spacer\"><\/div>\n\n\n\n<p class=\"has-text-align-center has-base-color has-text-color has-link-color wp-elements-8a52d3e8459cf17b1b741d24170cfb3c\">dans des <strong>environnements industriels<\/strong>, <strong>publics<\/strong> ou de <strong>production<\/strong>.<\/p>\n\n\n\n<div style=\"height:30px\" aria-hidden=\"true\" class=\"wp-block-spacer\"><\/div>\n\n\n\n<p class=\"has-text-align-center has-base-2-color has-text-color has-link-color wp-elements-c7d866abb09f1b076e2c11dca1207da8\"><em>Ce que disent celles et ceux qui m&rsquo;ont fait confiance.<\/em><\/p>\n\n\n\n<div style=\"height:30px\" aria-hidden=\"true\" class=\"wp-block-spacer\"><\/div>\n\n\n\n<h1 class=\"wp-block-heading has-text-align-center has-base-color has-text-color has-link-color wp-elements-f798d3cb93f0549c6239dc688ff3e26b\">T\u00e9moignages<\/h1>\n\n\n\n<div style=\"height:30px\" aria-hidden=\"true\" class=\"wp-block-spacer\"><\/div>\n\n\n\n<div class=\"wp-block-columns is-layout-flex wp-container-core-columns-is-layout-ff317758 wp-block-columns-is-layout-flex\" style=\"padding-top:var(--wp--preset--spacing--20);padding-right:var(--wp--preset--spacing--50);padding-bottom:var(--wp--preset--spacing--20);padding-left:var(--wp--preset--spacing--50)\">\n<div class=\"wp-block-column is-layout-flow wp-block-column-is-layout-flow\">\n<p class=\"has-text-align-center has-base-color has-text-color has-link-color wp-elements-6818c25fa4268aa363eb13aaee9ea86b\">\u00ab\u00a0Eric est un pr\u00e9cieux consultant qui comprend extr\u00eamement vite les besoins et les attentes de l&rsquo;organisation tout en prenant en compte aussi le volet humain. Il coache efficacement l&rsquo;\u00e9quipe avec laquelle il collabore en prodiguant conseils et en poussant \u00e0 aller plus loin dans les r\u00e9flexions et objectifs. Il a aid\u00e9 l&rsquo;organisation \u00e0 atteindre une plus grande maturit\u00e9. Deux exp\u00e9riences tr\u00e8s positives dans deux organisations diff\u00e9rentes motivent cette recommandation.\u00a0\u00bb<br><strong><em>Sarah Scaillet &#8211; CHRO St Jean<\/em><\/strong><\/p>\n<\/div>\n\n\n\n<div class=\"wp-block-column is-layout-flow wp-block-column-is-layout-flow\">\n<p class=\"has-text-align-center has-base-color has-text-color has-link-color wp-elements-183e94a0c18ca5b2c250549ee321e951\">\u00ab\u00a0C&rsquo;est toujours un plaisir de travailler avec Eric dans le cadre de nos formations Management: Leadership d&rsquo;\u00e9quipe\/Communication, Self Leadership et d&rsquo;autres \u00e0 l&rsquo;avenir. Les retours des collaborateurs sont toujours tr\u00e8s positifs et son dynamisme est contagieux!. L&rsquo;exp\u00e9rience d&rsquo;Eric en un r\u00e9el atout pour l&rsquo;animation de ces formations; toujours une r\u00e9f\u00e9rence \u00e0 une situation v\u00e9cue qui donne plus de poids aux outils propos\u00e9s.\u00a0\u00bb<br><strong><em>Sabrina Ricchi &#8211; HR Operations Business Partner, NGK Ceramics Europe SA<\/em><\/strong><\/p>\n<\/div>\n\n\n\n<div class=\"wp-block-column is-layout-flow wp-block-column-is-layout-flow\">\n<p class=\"has-text-align-center has-base-color has-text-color has-link-color wp-elements-50883bc0f859fd1dd0e58efc27f8e0ec\">\u00ab\u00a0Eric n&rsquo;est pas qu&rsquo;un excellent consultant : son exp\u00e9rience et sa connaissance approfondie du secteur public font de lui un partenaire essentiel de la modernisation de l&rsquo;institution. Il sait mettre son savoir et son exp\u00e9rience \u00e0 la disposition de tous, gr\u00e2ce \u00e0 une p\u00e9dagogie claire et un pragmatisme jamais pris en d\u00e9faut.\u00a0\u00bb<br><strong><em>Laurent Guinotte &#8211; Administrateur g\u00e9n\u00e9ral de l&rsquo;Office de Contr\u00f4le des Mutualit\u00e9s<\/em><\/strong><\/p>\n<\/div>\n<\/div>\n\n\n\n<div style=\"height:30px\" aria-hidden=\"true\" class=\"wp-block-spacer\"><\/div>\n\n\n\n<div class=\"wp-block-buttons is-content-justification-center is-layout-flex wp-container-core-buttons-is-layout-a89b3969 wp-block-buttons-is-layout-flex\">\n<div class=\"wp-block-button nav-hover\"><a class=\"wp-block-button__link has-custom-blue-1-background-color has-background has-text-align-center wp-element-button\" href=\"https:\/\/www.linkedin.com\/in\/eric-laurant-b212869\/\">Voir tous les t\u00e9moignages sur LinkedIn<\/a><\/div>\n<\/div>\n\n\n\n<div style=\"height:31px\" aria-hidden=\"true\" class=\"wp-block-spacer\"><\/div>\n<\/div>\n\n\n\n<div class=\"wp-block-group alignwide has-base-background-color has-background has-global-padding is-layout-constrained wp-block-group-is-layout-constrained\">\n<h1 class=\"wp-block-heading alignwide has-text-align-center has-custom-blue-1-color has-base-background-color has-text-color has-background has-link-color has-rubik-font-family has-xx-large-font-size wp-elements-2b7b219d0702a1ea1df090122dea1bb3\" style=\"line-height:1.2\"><strong>Industries &amp; production<\/strong><\/h1>\n\n\n\n<figure class=\"wp-block-image aligncenter size-large is-resized is-style-rounded is-style-rounded--1\"><img loading=\"lazy\" decoding=\"async\" width=\"700\" height=\"270\" src=\"https:\/\/e-kconsulting.be\/wp-content\/uploads\/2026\/01\/LHOIST-1.png\" alt=\"\" class=\"wp-image-146\" style=\"aspect-ratio:2.5927726462485823;width:220px;height:auto\" srcset=\"https:\/\/e-kconsulting.be\/wp-content\/uploads\/2026\/01\/LHOIST-1.png 700w, https:\/\/e-kconsulting.be\/wp-content\/uploads\/2026\/01\/LHOIST-1-300x116.png 300w\" sizes=\"auto, (max-width: 700px) 100vw, 700px\" \/><\/figure>\n\n\n\n<div style=\"height:100px\" aria-hidden=\"true\" class=\"wp-block-spacer\"><\/div>\n\n\n\n<figure class=\"wp-block-image aligncenter size-full is-resized\"><img loading=\"lazy\" decoding=\"async\" width=\"210\" height=\"80\" src=\"http:\/\/e-kconsulting.be\/wp-content\/uploads\/2026\/02\/CCB.png\" alt=\"\" class=\"wp-image-264\" style=\"width:200px;height:auto\"\/><\/figure>\n\n\n\n<div style=\"height:100px\" aria-hidden=\"true\" class=\"wp-block-spacer\"><\/div>\n\n\n\n<figure class=\"wp-block-image aligncenter size-full is-resized\"><img loading=\"lazy\" decoding=\"async\" width=\"482\" height=\"44\" src=\"http:\/\/e-kconsulting.be\/wp-content\/uploads\/2026\/02\/NGK.png\" alt=\"\" class=\"wp-image-271\" style=\"width:427px;height:auto\" srcset=\"https:\/\/e-kconsulting.be\/wp-content\/uploads\/2026\/02\/NGK.png 482w, https:\/\/e-kconsulting.be\/wp-content\/uploads\/2026\/02\/NGK-300x27.png 300w\" sizes=\"auto, (max-width: 482px) 100vw, 482px\" \/><\/figure>\n\n\n\n<div style=\"height:100px\" aria-hidden=\"true\" class=\"wp-block-spacer\"><\/div>\n\n\n\n<figure class=\"wp-block-image aligncenter size-full is-resized\"><img loading=\"lazy\" decoding=\"async\" width=\"116\" height=\"116\" src=\"http:\/\/e-kconsulting.be\/wp-content\/uploads\/2026\/02\/Prayon.png\" alt=\"\" class=\"wp-image-275\" style=\"width:96px;height:auto\"\/><\/figure>\n\n\n\n<div style=\"height:100px\" aria-hidden=\"true\" class=\"wp-block-spacer\"><\/div>\n\n\n\n<figure class=\"wp-block-image aligncenter size-full is-resized\"><img loading=\"lazy\" decoding=\"async\" width=\"482\" height=\"50\" src=\"http:\/\/e-kconsulting.be\/wp-content\/uploads\/2026\/02\/Eurenco.png\" alt=\"\" class=\"wp-image-266\" style=\"width:405px;height:auto\" srcset=\"https:\/\/e-kconsulting.be\/wp-content\/uploads\/2026\/02\/Eurenco.png 482w, https:\/\/e-kconsulting.be\/wp-content\/uploads\/2026\/02\/Eurenco-300x31.png 300w\" sizes=\"auto, (max-width: 482px) 100vw, 482px\" \/><\/figure>\n\n\n\n<div style=\"height:100px\" aria-hidden=\"true\" class=\"wp-block-spacer\"><\/div>\n\n\n\n<figure class=\"wp-block-image aligncenter size-full is-resized\"><img loading=\"lazy\" decoding=\"async\" width=\"373\" height=\"150\" src=\"http:\/\/e-kconsulting.be\/wp-content\/uploads\/2026\/01\/FUSIREF-1.png\" alt=\"\" class=\"wp-image-149\" style=\"aspect-ratio:2.4867831864798497;width:209px;height:auto\" srcset=\"https:\/\/e-kconsulting.be\/wp-content\/uploads\/2026\/01\/FUSIREF-1.png 373w, https:\/\/e-kconsulting.be\/wp-content\/uploads\/2026\/01\/FUSIREF-1-300x121.png 300w\" sizes=\"auto, (max-width: 373px) 100vw, 373px\" \/><\/figure>\n\n\n\n<div style=\"height:100px\" aria-hidden=\"true\" class=\"wp-block-spacer\"><\/div>\n\n\n\n<figure class=\"wp-block-image aligncenter size-full is-resized\"><img loading=\"lazy\" decoding=\"async\" width=\"200\" height=\"100\" src=\"http:\/\/e-kconsulting.be\/wp-content\/uploads\/2026\/02\/Technord.png\" alt=\"\" class=\"wp-image-279\" style=\"width:148px;height:auto\"\/><\/figure>\n\n\n\n<div style=\"height:100px\" aria-hidden=\"true\" class=\"wp-block-spacer\"><\/div>\n<\/div>\n\n\n\n<div class=\"wp-block-group alignfull has-custom-blue-2-background-color has-background has-global-padding is-layout-constrained wp-block-group-is-layout-constrained\">\n<div class=\"wp-block-group alignwide has-custom-blue-2-background-color has-background has-global-padding is-layout-constrained wp-container-core-group-is-layout-12243e0f wp-block-group-is-layout-constrained\">\n<div style=\"height:25px\" aria-hidden=\"true\" class=\"wp-block-spacer\"><\/div>\n\n\n\n<h1 class=\"wp-block-heading alignwide has-text-align-center has-base-color has-custom-blue-2-background-color has-text-color has-background has-link-color has-rubik-font-family has-xx-large-font-size wp-elements-f32ec721c41a8fd333214447cedaa124\" style=\"line-height:1.2\"><strong>Services publics<\/strong><\/h1>\n\n\n\n<div style=\"height:100px\" aria-hidden=\"true\" class=\"wp-block-spacer\"><\/div>\n\n\n\n<figure class=\"wp-block-image aligncenter size-full\"><img loading=\"lazy\" decoding=\"async\" width=\"146\" height=\"103\" src=\"http:\/\/e-kconsulting.be\/wp-content\/uploads\/2026\/01\/SFP.png\" alt=\"\" class=\"wp-image-136\"\/><\/figure>\n\n\n\n<div style=\"height:100px\" aria-hidden=\"true\" class=\"wp-block-spacer\"><\/div>\n\n\n\n<figure class=\"wp-block-image aligncenter size-full\"><img loading=\"lazy\" decoding=\"async\" width=\"292\" height=\"100\" src=\"http:\/\/e-kconsulting.be\/wp-content\/uploads\/2026\/02\/OCM.png\" alt=\"\" class=\"wp-image-272\"\/><\/figure>\n\n\n\n<div style=\"height:100px\" aria-hidden=\"true\" class=\"wp-block-spacer\"><\/div>\n\n\n\n<figure class=\"wp-block-image aligncenter size-full is-resized\"><img loading=\"lazy\" decoding=\"async\" width=\"270\" height=\"186\" src=\"http:\/\/e-kconsulting.be\/wp-content\/uploads\/2026\/02\/Urban.png\" alt=\"\" class=\"wp-image-280\" style=\"aspect-ratio:1.451624335499114;width:192px;height:auto\"\/><\/figure>\n\n\n\n<div style=\"height:100px\" aria-hidden=\"true\" class=\"wp-block-spacer\"><\/div>\n\n\n\n<figure class=\"wp-block-image aligncenter size-full\"><img loading=\"lazy\" decoding=\"async\" width=\"300\" height=\"114\" src=\"http:\/\/e-kconsulting.be\/wp-content\/uploads\/2026\/02\/Pompiers.png\" alt=\"\" class=\"wp-image-274\"\/><\/figure>\n\n\n\n<div style=\"height:100px\" aria-hidden=\"true\" class=\"wp-block-spacer\"><\/div>\n\n\n\n<figure class=\"wp-block-image aligncenter size-full is-resized\"><img loading=\"lazy\" decoding=\"async\" width=\"296\" height=\"170\" src=\"http:\/\/e-kconsulting.be\/wp-content\/uploads\/2026\/02\/Safe.png\" alt=\"\" class=\"wp-image-276\" style=\"aspect-ratio:1.7412772389469706;width:216px;height:auto\"\/><\/figure>\n\n\n\n<div style=\"height:100px\" aria-hidden=\"true\" class=\"wp-block-spacer\"><\/div>\n<\/div>\n<\/div>\n\n\n\n<div class=\"wp-block-group alignwide has-global-padding is-layout-constrained wp-block-group-is-layout-constrained\">\n<h1 class=\"wp-block-heading alignwide has-text-align-center has-custom-blue-1-color has-base-background-color has-text-color has-background has-link-color has-xx-large-font-size wp-elements-9ee9c4ce5abbb26c5ed93853299b1679\">Environnements sensibles<\/h1>\n\n\n\n<div style=\"height:25px\" aria-hidden=\"true\" class=\"wp-block-spacer\"><\/div>\n\n\n\n<figure class=\"wp-block-image aligncenter size-full\"><img loading=\"lazy\" decoding=\"async\" width=\"216\" height=\"60\" src=\"http:\/\/e-kconsulting.be\/wp-content\/uploads\/2026\/02\/St-Luc.png\" alt=\"\" class=\"wp-image-278\"\/><\/figure>\n\n\n\n<div style=\"height:25px\" aria-hidden=\"true\" class=\"wp-block-spacer\"><\/div>\n\n\n\n<figure class=\"wp-block-image aligncenter size-full is-resized\"><img loading=\"lazy\" decoding=\"async\" width=\"206\" height=\"186\" src=\"http:\/\/e-kconsulting.be\/wp-content\/uploads\/2026\/02\/Humani.png\" alt=\"\" class=\"wp-image-267\" style=\"aspect-ratio:1.1076257436452137;width:164px;height:auto\"\/><\/figure>\n\n\n\n<div style=\"height:25px\" aria-hidden=\"true\" class=\"wp-block-spacer\"><\/div>\n\n\n\n<figure class=\"wp-block-image aligncenter size-full is-resized\"><img loading=\"lazy\" decoding=\"async\" width=\"96\" height=\"52\" src=\"http:\/\/e-kconsulting.be\/wp-content\/uploads\/2026\/02\/Securitas.png\" alt=\"\" class=\"wp-image-277\" style=\"width:174px;height:auto\"\/><\/figure>\n<\/div>\n","protected":false},"excerpt":{"rendered":"<p>Depuis 25 ans, j\u2019ai accompagn\u00e9 plus de 60 organisations dans des environnements industriels, publics ou de production. Ce que disent celles et ceux qui m&rsquo;ont fait confiance. T\u00e9moignages \u00ab\u00a0Eric est un pr\u00e9cieux consultant qui comprend extr\u00eamement vite les besoins et les attentes de l&rsquo;organisation tout en prenant en compte aussi le volet humain. Il coache [&hellip;]<\/p>\n","protected":false},"author":1,"featured_media":0,"parent":0,"menu_order":0,"comment_status":"closed","ping_status":"closed","template":"","meta":{"footnotes":""},"class_list":["post-138","page","type-page","status-publish","hentry"],"yoast_head":"<!-- This site is optimized with the Yoast SEO plugin v27.2 - https:\/\/yoast.com\/product\/yoast-seo-wordpress\/ -->\n<title>R\u00e9f\u00e9rences - E &amp; K Consulting<\/title>\n<meta name=\"robots\" content=\"index, follow, max-snippet:-1, max-image-preview:large, max-video-preview:-1\" \/>\n<link rel=\"canonical\" href=\"https:\/\/e-kconsulting.be\/index.php\/ils-mont-fait-confiance-2\/\" \/>\n<meta property=\"og:locale\" content=\"fr_FR\" \/>\n<meta property=\"og:type\" content=\"article\" \/>\n<meta property=\"og:title\" content=\"R\u00e9f\u00e9rences - E &amp; K Consulting\" \/>\n<meta property=\"og:description\" content=\"Depuis 25 ans, j\u2019ai accompagn\u00e9 plus de 60 organisations dans des environnements industriels, publics ou de production. Ce que disent celles et ceux qui m&rsquo;ont fait confiance. T\u00e9moignages \u00ab\u00a0Eric est un pr\u00e9cieux consultant qui comprend extr\u00eamement vite les besoins et les attentes de l&rsquo;organisation tout en prenant en compte aussi le volet humain. Il coache [&hellip;]\" \/>\n<meta property=\"og:url\" content=\"https:\/\/e-kconsulting.be\/index.php\/ils-mont-fait-confiance-2\/\" \/>\n<meta property=\"og:site_name\" content=\"E &amp; K Consulting\" \/>\n<meta property=\"article:modified_time\" content=\"2026-03-03T18:20:10+00:00\" \/>\n<meta property=\"og:image\" content=\"https:\/\/e-kconsulting.be\/wp-content\/uploads\/2026\/01\/LHOIST-1.png\" \/>\n<meta name=\"twitter:card\" content=\"summary_large_image\" \/>\n<meta name=\"twitter:label1\" content=\"Dur\u00e9e de lecture est.\" \/>\n\t<meta name=\"twitter:data1\" content=\"1 minute\" \/>\n<script type=\"application\/ld+json\" class=\"yoast-schema-graph\">{\"@context\":\"https:\/\/schema.org\",\"@graph\":[{\"@type\":\"WebPage\",\"@id\":\"https:\/\/e-kconsulting.be\/index.php\/ils-mont-fait-confiance-2\/\",\"url\":\"https:\/\/e-kconsulting.be\/index.php\/ils-mont-fait-confiance-2\/\",\"name\":\"R\u00e9f\u00e9rences - E &amp; K Consulting\",\"isPartOf\":{\"@id\":\"https:\/\/e-kconsulting.be\/#website\"},\"primaryImageOfPage\":{\"@id\":\"https:\/\/e-kconsulting.be\/index.php\/ils-mont-fait-confiance-2\/#primaryimage\"},\"image\":{\"@id\":\"https:\/\/e-kconsulting.be\/index.php\/ils-mont-fait-confiance-2\/#primaryimage\"},\"thumbnailUrl\":\"https:\/\/e-kconsulting.be\/wp-content\/uploads\/2026\/01\/LHOIST-1.png\",\"datePublished\":\"2026-01-15T15:55:53+00:00\",\"dateModified\":\"2026-03-03T18:20:10+00:00\",\"breadcrumb\":{\"@id\":\"https:\/\/e-kconsulting.be\/index.php\/ils-mont-fait-confiance-2\/#breadcrumb\"},\"inLanguage\":\"fr-BE\",\"potentialAction\":[{\"@type\":\"ReadAction\",\"target\":[\"https:\/\/e-kconsulting.be\/index.php\/ils-mont-fait-confiance-2\/\"]}]},{\"@type\":\"ImageObject\",\"inLanguage\":\"fr-BE\",\"@id\":\"https:\/\/e-kconsulting.be\/index.php\/ils-mont-fait-confiance-2\/#primaryimage\",\"url\":\"https:\/\/e-kconsulting.be\/wp-content\/uploads\/2026\/01\/LHOIST-1.png\",\"contentUrl\":\"https:\/\/e-kconsulting.be\/wp-content\/uploads\/2026\/01\/LHOIST-1.png\",\"width\":700,\"height\":270},{\"@type\":\"BreadcrumbList\",\"@id\":\"https:\/\/e-kconsulting.be\/index.php\/ils-mont-fait-confiance-2\/#breadcrumb\",\"itemListElement\":[{\"@type\":\"ListItem\",\"position\":1,\"name\":\"Accueil\",\"item\":\"https:\/\/e-kconsulting.be\/\"},{\"@type\":\"ListItem\",\"position\":2,\"name\":\"R\u00e9f\u00e9rences\"}]},{\"@type\":\"WebSite\",\"@id\":\"https:\/\/e-kconsulting.be\/#website\",\"url\":\"https:\/\/e-kconsulting.be\/\",\"name\":\"E & K Consulting\",\"description\":\"Energise Your Organisation\",\"publisher\":{\"@id\":\"https:\/\/e-kconsulting.be\/#organization\"},\"potentialAction\":[{\"@type\":\"SearchAction\",\"target\":{\"@type\":\"EntryPoint\",\"urlTemplate\":\"https:\/\/e-kconsulting.be\/?s={search_term_string}\"},\"query-input\":{\"@type\":\"PropertyValueSpecification\",\"valueRequired\":true,\"valueName\":\"search_term_string\"}}],\"inLanguage\":\"fr-BE\"},{\"@type\":\"Organization\",\"@id\":\"https:\/\/e-kconsulting.be\/#organization\",\"name\":\"E & K Consulting - Eric Laurant\",\"url\":\"https:\/\/e-kconsulting.be\/\",\"logo\":{\"@type\":\"ImageObject\",\"inLanguage\":\"fr-BE\",\"@id\":\"https:\/\/e-kconsulting.be\/#\/schema\/logo\/image\/\",\"url\":\"https:\/\/e-kconsulting.be\/wp-content\/uploads\/2026\/01\/EK.png\",\"contentUrl\":\"https:\/\/e-kconsulting.be\/wp-content\/uploads\/2026\/01\/EK.png\",\"width\":1941,\"height\":618,\"caption\":\"E & K Consulting - Eric Laurant\"},\"image\":{\"@id\":\"https:\/\/e-kconsulting.be\/#\/schema\/logo\/image\/\"},\"sameAs\":[\"https:\/\/www.linkedin.com\/in\/eric-laurant-b212869\"]}]}<\/script>\n<!-- \/ Yoast SEO plugin. -->","yoast_head_json":{"title":"R\u00e9f\u00e9rences - E &amp; K Consulting","robots":{"index":"index","follow":"follow","max-snippet":"max-snippet:-1","max-image-preview":"max-image-preview:large","max-video-preview":"max-video-preview:-1"},"canonical":"https:\/\/e-kconsulting.be\/index.php\/ils-mont-fait-confiance-2\/","og_locale":"fr_FR","og_type":"article","og_title":"R\u00e9f\u00e9rences - E &amp; K Consulting","og_description":"Depuis 25 ans, j\u2019ai accompagn\u00e9 plus de 60 organisations dans des environnements industriels, publics ou de production. Ce que disent celles et ceux qui m&rsquo;ont fait confiance. T\u00e9moignages \u00ab\u00a0Eric est un pr\u00e9cieux consultant qui comprend extr\u00eamement vite les besoins et les attentes de l&rsquo;organisation tout en prenant en compte aussi le volet humain. Il coache [&hellip;]","og_url":"https:\/\/e-kconsulting.be\/index.php\/ils-mont-fait-confiance-2\/","og_site_name":"E &amp; K Consulting","article_modified_time":"2026-03-03T18:20:10+00:00","og_image":[{"url":"https:\/\/e-kconsulting.be\/wp-content\/uploads\/2026\/01\/LHOIST-1.png","type":"","width":"","height":""}],"twitter_card":"summary_large_image","twitter_misc":{"Dur\u00e9e de lecture est.":"1 minute"},"schema":{"@context":"https:\/\/schema.org","@graph":[{"@type":"WebPage","@id":"https:\/\/e-kconsulting.be\/index.php\/ils-mont-fait-confiance-2\/","url":"https:\/\/e-kconsulting.be\/index.php\/ils-mont-fait-confiance-2\/","name":"R\u00e9f\u00e9rences - E &amp; K Consulting","isPartOf":{"@id":"https:\/\/e-kconsulting.be\/#website"},"primaryImageOfPage":{"@id":"https:\/\/e-kconsulting.be\/index.php\/ils-mont-fait-confiance-2\/#primaryimage"},"image":{"@id":"https:\/\/e-kconsulting.be\/index.php\/ils-mont-fait-confiance-2\/#primaryimage"},"thumbnailUrl":"https:\/\/e-kconsulting.be\/wp-content\/uploads\/2026\/01\/LHOIST-1.png","datePublished":"2026-01-15T15:55:53+00:00","dateModified":"2026-03-03T18:20:10+00:00","breadcrumb":{"@id":"https:\/\/e-kconsulting.be\/index.php\/ils-mont-fait-confiance-2\/#breadcrumb"},"inLanguage":"fr-BE","potentialAction":[{"@type":"ReadAction","target":["https:\/\/e-kconsulting.be\/index.php\/ils-mont-fait-confiance-2\/"]}]},{"@type":"ImageObject","inLanguage":"fr-BE","@id":"https:\/\/e-kconsulting.be\/index.php\/ils-mont-fait-confiance-2\/#primaryimage","url":"https:\/\/e-kconsulting.be\/wp-content\/uploads\/2026\/01\/LHOIST-1.png","contentUrl":"https:\/\/e-kconsulting.be\/wp-content\/uploads\/2026\/01\/LHOIST-1.png","width":700,"height":270},{"@type":"BreadcrumbList","@id":"https:\/\/e-kconsulting.be\/index.php\/ils-mont-fait-confiance-2\/#breadcrumb","itemListElement":[{"@type":"ListItem","position":1,"name":"Accueil","item":"https:\/\/e-kconsulting.be\/"},{"@type":"ListItem","position":2,"name":"R\u00e9f\u00e9rences"}]},{"@type":"WebSite","@id":"https:\/\/e-kconsulting.be\/#website","url":"https:\/\/e-kconsulting.be\/","name":"E & K Consulting","description":"Energise Your Organisation","publisher":{"@id":"https:\/\/e-kconsulting.be\/#organization"},"potentialAction":[{"@type":"SearchAction","target":{"@type":"EntryPoint","urlTemplate":"https:\/\/e-kconsulting.be\/?s={search_term_string}"},"query-input":{"@type":"PropertyValueSpecification","valueRequired":true,"valueName":"search_term_string"}}],"inLanguage":"fr-BE"},{"@type":"Organization","@id":"https:\/\/e-kconsulting.be\/#organization","name":"E & K Consulting - Eric Laurant","url":"https:\/\/e-kconsulting.be\/","logo":{"@type":"ImageObject","inLanguage":"fr-BE","@id":"https:\/\/e-kconsulting.be\/#\/schema\/logo\/image\/","url":"https:\/\/e-kconsulting.be\/wp-content\/uploads\/2026\/01\/EK.png","contentUrl":"https:\/\/e-kconsulting.be\/wp-content\/uploads\/2026\/01\/EK.png","width":1941,"height":618,"caption":"E & K Consulting - Eric Laurant"},"image":{"@id":"https:\/\/e-kconsulting.be\/#\/schema\/logo\/image\/"},"sameAs":["https:\/\/www.linkedin.com\/in\/eric-laurant-b212869"]}]}},"_links":{"self":[{"href":"https:\/\/e-kconsulting.be\/index.php\/wp-json\/wp\/v2\/pages\/138","targetHints":{"allow":["GET"]}}],"collection":[{"href":"https:\/\/e-kconsulting.be\/index.php\/wp-json\/wp\/v2\/pages"}],"about":[{"href":"https:\/\/e-kconsulting.be\/index.php\/wp-json\/wp\/v2\/types\/page"}],"author":[{"embeddable":true,"href":"https:\/\/e-kconsulting.be\/index.php\/wp-json\/wp\/v2\/users\/1"}],"replies":[{"embeddable":true,"href":"https:\/\/e-kconsulting.be\/index.php\/wp-json\/wp\/v2\/comments?post=138"}],"version-history":[{"count":94,"href":"https:\/\/e-kconsulting.be\/index.php\/wp-json\/wp\/v2\/pages\/138\/revisions"}],"predecessor-version":[{"id":795,"href":"https:\/\/e-kconsulting.be\/index.php\/wp-json\/wp\/v2\/pages\/138\/revisions\/795"}],"wp:attachment":[{"href":"https:\/\/e-kconsulting.be\/index.php\/wp-json\/wp\/v2\/media?parent=138"}],"curies":[{"name":"wp","href":"https:\/\/api.w.org\/{rel}","templated":true}]}}